{"id":2617,"date":"2025-12-01T14:00:09","date_gmt":"2025-12-01T14:00:09","guid":{"rendered":"https:\/\/tosyagazetesi.com\/?page_id=2617"},"modified":"2025-12-02T12:06:30","modified_gmt":"2025-12-02T12:06:30","slug":"sosyal-medya-hesaplarimiz","status":"publish","type":"page","link":"https:\/\/tosyagazetesi.com\/index.php\/sosyal-medya-hesaplarimiz\/","title":{"rendered":"Sosyal Medya Hesaplar\u0131m\u0131z"},"content":{"rendered":"\n<figure class=\"wp-block-image size-large is-resized\"><a href=\"https:\/\/www.facebook.com\/mehmet.ulusoylar.9\"><img loading=\"lazy\" decoding=\"async\" width=\"1024\" height=\"248\" src=\"https:\/\/tosyagazetesi.com\/wp-content\/uploads\/2025\/12\/facebookk-1024x248.png\" alt=\"\" class=\"wp-image-2650\" style=\"width:459px;height:auto\" srcset=\"https:\/\/tosyagazetesi.com\/wp-content\/uploads\/2025\/12\/facebookk-1024x248.png 1024w, https:\/\/tosyagazetesi.com\/wp-content\/uploads\/2025\/12\/facebookk-300x73.png 300w, https:\/\/tosyagazetesi.com\/wp-content\/uploads\/2025\/12\/facebookk-768x186.png 768w, https:\/\/tosyagazetesi.com\/wp-content\/uploads\/2025\/12\/facebookk-1536x372.png 1536w, https:\/\/tosyagazetesi.com\/wp-content\/uploads\/2025\/12\/facebookk.png 1912w\" sizes=\"auto, (max-width: 1024px) 100vw, 1024px\" \/><\/a><\/figure>\n\n\n\n<p><a href=\"https:\/\/www.facebook.com\/mehmet.ulusoylar.9\">FACEBOOK SAYFAMIZDAK\u0130 HABERLER\u0130 OKUMAK VE FACEBOOK SAYFAMIZI TAK\u0130P ETMEK \u0130\u00c7\u0130N L\u00dcTFEN TIKLAYINIZ<\/a>.<\/p>\n\n\n\n<figure class=\"wp-block-image size-full is-resized\"><a href=\"https:\/\/www.tiktok.com\/@mehmet_ulusoylar\"><img loading=\"lazy\" decoding=\"async\" width=\"750\" height=\"219\" src=\"https:\/\/tosyagazetesi.com\/wp-content\/uploads\/2025\/12\/TikTok.png\" alt=\"\" class=\"wp-image-2652\" style=\"width:460px;height:auto\" srcset=\"https:\/\/tosyagazetesi.com\/wp-content\/uploads\/2025\/12\/TikTok.png 750w, https:\/\/tosyagazetesi.com\/wp-content\/uploads\/2025\/12\/TikTok-300x88.png 300w\" sizes=\"auto, (max-width: 750px) 100vw, 750px\" \/><\/a><\/figure>\n\n\n\n<p><strong><a href=\"https:\/\/www.tiktok.com\/@mehmet_ulusoylar\">T\u0130KTOK DAK\u0130 PAYLA\u015eIMLARIMIZI \u0130ZLEMEK VE HESABIMIZI TAK\u0130P ETMEK \u0130\u00c7\u0130N L\u00dcTFEN TIKLAYINIZ<\/a><\/strong><\/p>\n\n\n\n<figure class=\"wp-block-image size-full is-resized\"><a href=\"https:\/\/www.instagram.com\/mehmet_ulusoylar\/\"><img loading=\"lazy\" decoding=\"async\" width=\"763\" height=\"244\" src=\"https:\/\/tosyagazetesi.com\/wp-content\/uploads\/2025\/12\/Instagram.png\" alt=\"\" class=\"wp-image-2657\" style=\"width:487px;height:auto\" srcset=\"https:\/\/tosyagazetesi.com\/wp-content\/uploads\/2025\/12\/Instagram.png 763w, https:\/\/tosyagazetesi.com\/wp-content\/uploads\/2025\/12\/Instagram-300x96.png 300w\" sizes=\"auto, (max-width: 763px) 100vw, 763px\" \/><\/a><\/figure>\n\n\n\n<p><strong><a href=\"https:\/\/www.instagram.com\/mehmet_ulusoylar\/\">INSTAGRAM PAYLA\u015eIMLARIMIZI OKUMAK VE HESABIMIZI TAK\u0130P ETMEK \u0130\u00c7\u0130N L\u00dcTFEN TIKLAYINIZ<\/a><\/strong><\/p>\n\n\n\n<figure class=\"wp-block-image size-full is-resized\"><a href=\"https:\/\/www.youtube.com\/@MehmetUlusoylar\"><img loading=\"lazy\" decoding=\"async\" width=\"556\" height=\"125\" src=\"https:\/\/tosyagazetesi.com\/wp-content\/uploads\/2025\/12\/youtube-2.jpg\" alt=\"\" class=\"wp-image-2638\" style=\"width:485px;height:auto\" srcset=\"https:\/\/tosyagazetesi.com\/wp-content\/uploads\/2025\/12\/youtube-2.jpg 556w, https:\/\/tosyagazetesi.com\/wp-content\/uploads\/2025\/12\/youtube-2-300x67.jpg 300w\" sizes=\"auto, (max-width: 556px) 100vw, 556px\" \/><\/a><\/figure>\n\n\n\n<p><strong><a href=\"https:\/\/www.youtube.com\/@MehmetUlusoylar\">V\u0130DEOLARI \u0130ZLEMEK VE KANALIMIZA ABONE OLMAK \u00a0\u0130\u00c7\u0130N L\u00dcTFEN TIKLAYINIZ<\/a><\/strong><\/p>\n\n\n\n<figure class=\"wp-block-image size-full is-resized\"><a href=\"https:\/\/x.com\/mulusoylar\"><img loading=\"lazy\" decoding=\"async\" width=\"557\" height=\"129\" src=\"https:\/\/tosyagazetesi.com\/wp-content\/uploads\/2025\/12\/x-1.jpg\" alt=\"\" class=\"wp-image-2712\" style=\"width:498px;height:auto\" srcset=\"https:\/\/tosyagazetesi.com\/wp-content\/uploads\/2025\/12\/x-1.jpg 557w, https:\/\/tosyagazetesi.com\/wp-content\/uploads\/2025\/12\/x-1-300x69.jpg 300w\" sizes=\"auto, (max-width: 557px) 100vw, 557px\" \/><\/a><\/figure>\n\n\n\n<p><a href=\"https:\/\/x.com\/mulusoylar\">X\u00a0 (Eski Twitter) PAYLA\u015eIMLARIMIZI G\u00d6RMEK VE X HESABIMIZI TAK\u0130P ETMEK \u0130\u00c7\u0130N L\u00dcTFEN TIKLAYINIZ<\/a><\/p>\n","protected":false},"excerpt":{"rendered":"<p>FACEBOOK SAYFAMIZDAK\u0130 HABERLER\u0130 OKUMAK VE FACEBOOK SAYFAMIZI TAK\u0130P ETMEK \u0130\u00c7\u0130N L\u00dcTFEN TIKLAYINIZ. T\u0130KTOK DAK\u0130 PAYLA\u015eIMLARIMIZI \u0130ZLEMEK VE HESABIMIZI TAK\u0130P ETMEK \u0130\u00c7\u0130N L\u00dcTFEN TIKLAYINIZ INSTAGRAM PAYLA\u015eIMLARIMIZI OKUMAK VE HESABIMIZI TAK\u0130P ETMEK&hellip; <\/p>\n","protected":false},"author":1,"featured_media":0,"parent":0,"menu_order":0,"comment_status":"closed","ping_status":"closed","template":"","meta":{"_joinchat":[],"footnotes":""},"class_list":["post-2617","page","type-page","status-publish","hentry"],"yoast_head":"<!-- This site is optimized with the Yoast SEO plugin v27.4 - https:\/\/yoast.com\/product\/yoast-seo-wordpress\/ -->\n<title>Sosyal Medya Hesaplar\u0131m\u0131z -<\/title>\n<meta name=\"robots\" content=\"index, follow, max-snippet:-1, max-image-preview:large, max-video-preview:-1\" \/>\n<link rel=\"canonical\" href=\"https:\/\/tosyagazetesi.com\/index.php\/sosyal-medya-hesaplarimiz\/\" \/>\n<meta property=\"og:locale\" content=\"tr_TR\" \/>\n<meta property=\"og:type\" content=\"article\" \/>\n<meta property=\"og:title\" content=\"Sosyal Medya Hesaplar\u0131m\u0131z -\" \/>\n<meta property=\"og:description\" content=\"FACEBOOK SAYFAMIZDAK\u0130 HABERLER\u0130 OKUMAK VE FACEBOOK SAYFAMIZI TAK\u0130P ETMEK \u0130\u00c7\u0130N L\u00dcTFEN TIKLAYINIZ. T\u0130KTOK DAK\u0130 PAYLA\u015eIMLARIMIZI \u0130ZLEMEK VE HESABIMIZI TAK\u0130P ETMEK \u0130\u00c7\u0130N L\u00dcTFEN TIKLAYINIZ INSTAGRAM PAYLA\u015eIMLARIMIZI OKUMAK VE HESABIMIZI TAK\u0130P ETMEK&hellip;\" \/>\n<meta property=\"og:url\" content=\"https:\/\/tosyagazetesi.com\/index.php\/sosyal-medya-hesaplarimiz\/\" \/>\n<meta property=\"article:modified_time\" content=\"2025-12-02T12:06:30+00:00\" \/>\n<meta property=\"og:image\" content=\"https:\/\/tosyagazetesi.com\/wp-content\/uploads\/2025\/12\/facebookk.png\" \/>\n\t<meta property=\"og:image:width\" content=\"1912\" \/>\n\t<meta property=\"og:image:height\" content=\"463\" \/>\n\t<meta property=\"og:image:type\" content=\"image\/png\" \/>\n<meta name=\"twitter:card\" content=\"summary_large_image\" \/>\n<meta name=\"twitter:label1\" content=\"Tahmini okuma s\u00fcresi\" \/>\n\t<meta name=\"twitter:data1\" content=\"2 dakika\" \/>\n<script type=\"application\/ld+json\" class=\"yoast-schema-graph\">{\"@context\":\"https:\\\/\\\/schema.org\",\"@graph\":[{\"@type\":\"WebPage\",\"@id\":\"https:\\\/\\\/tosyagazetesi.com\\\/index.php\\\/sosyal-medya-hesaplarimiz\\\/\",\"url\":\"https:\\\/\\\/tosyagazetesi.com\\\/index.php\\\/sosyal-medya-hesaplarimiz\\\/\",\"name\":\"Sosyal Medya Hesaplar\u0131m\u0131z -\",\"isPartOf\":{\"@id\":\"https:\\\/\\\/tosyagazetesi.com\\\/#website\"},\"primaryImageOfPage\":{\"@id\":\"https:\\\/\\\/tosyagazetesi.com\\\/index.php\\\/sosyal-medya-hesaplarimiz\\\/#primaryimage\"},\"image\":{\"@id\":\"https:\\\/\\\/tosyagazetesi.com\\\/index.php\\\/sosyal-medya-hesaplarimiz\\\/#primaryimage\"},\"thumbnailUrl\":\"https:\\\/\\\/tosyagazetesi.com\\\/wp-content\\\/uploads\\\/2025\\\/12\\\/facebookk-1024x248.png\",\"datePublished\":\"2025-12-01T14:00:09+00:00\",\"dateModified\":\"2025-12-02T12:06:30+00:00\",\"breadcrumb\":{\"@id\":\"https:\\\/\\\/tosyagazetesi.com\\\/index.php\\\/sosyal-medya-hesaplarimiz\\\/#breadcrumb\"},\"inLanguage\":\"tr\",\"potentialAction\":[{\"@type\":\"ReadAction\",\"target\":[\"https:\\\/\\\/tosyagazetesi.com\\\/index.php\\\/sosyal-medya-hesaplarimiz\\\/\"]}]},{\"@type\":\"ImageObject\",\"inLanguage\":\"tr\",\"@id\":\"https:\\\/\\\/tosyagazetesi.com\\\/index.php\\\/sosyal-medya-hesaplarimiz\\\/#primaryimage\",\"url\":\"https:\\\/\\\/tosyagazetesi.com\\\/wp-content\\\/uploads\\\/2025\\\/12\\\/facebookk.png\",\"contentUrl\":\"https:\\\/\\\/tosyagazetesi.com\\\/wp-content\\\/uploads\\\/2025\\\/12\\\/facebookk.png\",\"width\":1912,\"height\":463},{\"@type\":\"BreadcrumbList\",\"@id\":\"https:\\\/\\\/tosyagazetesi.com\\\/index.php\\\/sosyal-medya-hesaplarimiz\\\/#breadcrumb\",\"itemListElement\":[{\"@type\":\"ListItem\",\"position\":1,\"name\":\"Anasayfa\",\"item\":\"https:\\\/\\\/tosyagazetesi.com\\\/\"},{\"@type\":\"ListItem\",\"position\":2,\"name\":\"Sosyal Medya Hesaplar\u0131m\u0131z\"}]},{\"@type\":\"WebSite\",\"@id\":\"https:\\\/\\\/tosyagazetesi.com\\\/#website\",\"url\":\"https:\\\/\\\/tosyagazetesi.com\\\/\",\"name\":\"\",\"description\":\"\",\"potentialAction\":[{\"@type\":\"SearchAction\",\"target\":{\"@type\":\"EntryPoint\",\"urlTemplate\":\"https:\\\/\\\/tosyagazetesi.com\\\/?s={search_term_string}\"},\"query-input\":{\"@type\":\"PropertyValueSpecification\",\"valueRequired\":true,\"valueName\":\"search_term_string\"}}],\"inLanguage\":\"tr\"}]}<\/script>\n<!-- \/ Yoast SEO plugin. -->","yoast_head_json":{"title":"Sosyal Medya Hesaplar\u0131m\u0131z -","robots":{"index":"index","follow":"follow","max-snippet":"max-snippet:-1","max-image-preview":"max-image-preview:large","max-video-preview":"max-video-preview:-1"},"canonical":"https:\/\/tosyagazetesi.com\/index.php\/sosyal-medya-hesaplarimiz\/","og_locale":"tr_TR","og_type":"article","og_title":"Sosyal Medya Hesaplar\u0131m\u0131z -","og_description":"FACEBOOK SAYFAMIZDAK\u0130 HABERLER\u0130 OKUMAK VE FACEBOOK SAYFAMIZI TAK\u0130P ETMEK \u0130\u00c7\u0130N L\u00dcTFEN TIKLAYINIZ. T\u0130KTOK DAK\u0130 PAYLA\u015eIMLARIMIZI \u0130ZLEMEK VE HESABIMIZI TAK\u0130P ETMEK \u0130\u00c7\u0130N L\u00dcTFEN TIKLAYINIZ INSTAGRAM PAYLA\u015eIMLARIMIZI OKUMAK VE HESABIMIZI TAK\u0130P ETMEK&hellip;","og_url":"https:\/\/tosyagazetesi.com\/index.php\/sosyal-medya-hesaplarimiz\/","article_modified_time":"2025-12-02T12:06:30+00:00","og_image":[{"width":1912,"height":463,"url":"https:\/\/tosyagazetesi.com\/wp-content\/uploads\/2025\/12\/facebookk.png","type":"image\/png"}],"twitter_card":"summary_large_image","twitter_misc":{"Tahmini okuma s\u00fcresi":"2 dakika"},"schema":{"@context":"https:\/\/schema.org","@graph":[{"@type":"WebPage","@id":"https:\/\/tosyagazetesi.com\/index.php\/sosyal-medya-hesaplarimiz\/","url":"https:\/\/tosyagazetesi.com\/index.php\/sosyal-medya-hesaplarimiz\/","name":"Sosyal Medya Hesaplar\u0131m\u0131z -","isPartOf":{"@id":"https:\/\/tosyagazetesi.com\/#website"},"primaryImageOfPage":{"@id":"https:\/\/tosyagazetesi.com\/index.php\/sosyal-medya-hesaplarimiz\/#primaryimage"},"image":{"@id":"https:\/\/tosyagazetesi.com\/index.php\/sosyal-medya-hesaplarimiz\/#primaryimage"},"thumbnailUrl":"https:\/\/tosyagazetesi.com\/wp-content\/uploads\/2025\/12\/facebookk-1024x248.png","datePublished":"2025-12-01T14:00:09+00:00","dateModified":"2025-12-02T12:06:30+00:00","breadcrumb":{"@id":"https:\/\/tosyagazetesi.com\/index.php\/sosyal-medya-hesaplarimiz\/#breadcrumb"},"inLanguage":"tr","potentialAction":[{"@type":"ReadAction","target":["https:\/\/tosyagazetesi.com\/index.php\/sosyal-medya-hesaplarimiz\/"]}]},{"@type":"ImageObject","inLanguage":"tr","@id":"https:\/\/tosyagazetesi.com\/index.php\/sosyal-medya-hesaplarimiz\/#primaryimage","url":"https:\/\/tosyagazetesi.com\/wp-content\/uploads\/2025\/12\/facebookk.png","contentUrl":"https:\/\/tosyagazetesi.com\/wp-content\/uploads\/2025\/12\/facebookk.png","width":1912,"height":463},{"@type":"BreadcrumbList","@id":"https:\/\/tosyagazetesi.com\/index.php\/sosyal-medya-hesaplarimiz\/#breadcrumb","itemListElement":[{"@type":"ListItem","position":1,"name":"Anasayfa","item":"https:\/\/tosyagazetesi.com\/"},{"@type":"ListItem","position":2,"name":"Sosyal Medya Hesaplar\u0131m\u0131z"}]},{"@type":"WebSite","@id":"https:\/\/tosyagazetesi.com\/#website","url":"https:\/\/tosyagazetesi.com\/","name":"","description":"","potentialAction":[{"@type":"SearchAction","target":{"@type":"EntryPoint","urlTemplate":"https:\/\/tosyagazetesi.com\/?s={search_term_string}"},"query-input":{"@type":"PropertyValueSpecification","valueRequired":true,"valueName":"search_term_string"}}],"inLanguage":"tr"}]}},"_links":{"self":[{"href":"https:\/\/tosyagazetesi.com\/index.php\/wp-json\/wp\/v2\/pages\/2617","targetHints":{"allow":["GET"]}}],"collection":[{"href":"https:\/\/tosyagazetesi.com\/index.php\/wp-json\/wp\/v2\/pages"}],"about":[{"href":"https:\/\/tosyagazetesi.com\/index.php\/wp-json\/wp\/v2\/types\/page"}],"author":[{"embeddable":true,"href":"https:\/\/tosyagazetesi.com\/index.php\/wp-json\/wp\/v2\/users\/1"}],"replies":[{"embeddable":true,"href":"https:\/\/tosyagazetesi.com\/index.php\/wp-json\/wp\/v2\/comments?post=2617"}],"version-history":[{"count":18,"href":"https:\/\/tosyagazetesi.com\/index.php\/wp-json\/wp\/v2\/pages\/2617\/revisions"}],"predecessor-version":[{"id":2713,"href":"https:\/\/tosyagazetesi.com\/index.php\/wp-json\/wp\/v2\/pages\/2617\/revisions\/2713"}],"wp:attachment":[{"href":"https:\/\/tosyagazetesi.com\/index.php\/wp-json\/wp\/v2\/media?parent=2617"}],"curies":[{"name":"wp","href":"https:\/\/api.w.org\/{rel}","templated":true}]}}